{"id":1999,"date":"2023-10-30T15:29:52","date_gmt":"2023-10-30T15:29:52","guid":{"rendered":"https:\/\/toduba.it\/?page_id=1999"},"modified":"2026-04-09T10:09:57","modified_gmt":"2026-04-09T08:09:57","slug":"certificazioni","status":"publish","type":"page","link":"https:\/\/toduba.it\/en\/certificazioni\/","title":{"rendered":"Certificazioni"},"content":{"rendered":"<p>[et_pb_section fb_built=&#8221;1&#8243; admin_label=&#8221;section&#8221; _builder_version=&#8221;4.16&#8243; global_colors_info=&#8221;{}&#8221;][et_pb_row admin_label=&#8221;row&#8221; _builder_version=&#8221;4.16&#8243; background_size=&#8221;initial&#8221; background_position=&#8221;top_left&#8221; background_repeat=&#8221;repeat&#8221; global_colors_info=&#8221;{}&#8221;][et_pb_column type=&#8221;4_4&#8243; _builder_version=&#8221;4.16&#8243; custom_padding=&#8221;|||&#8221; global_colors_info=&#8221;{}&#8221; custom_padding__hover=&#8221;|||&#8221;][et_pb_post_title meta=&#8221;off&#8221; featured_image=&#8221;off&#8221; admin_label=&#8221;Titolo del Post&#8221; _builder_version=&#8221;4.27.4&#8243; _module_preset=&#8221;default&#8221; title_level=&#8221;h2&#8243; global_colors_info=&#8221;{}&#8221;][\/et_pb_post_title][et_pb_text admin_label=&#8221;Testo&#8221; _builder_version=&#8221;4.27.4&#8243; _module_preset=&#8221;default&#8221; custom_padding=&#8221;||0px|||&#8221; hover_enabled=&#8221;0&#8243; global_colors_info=&#8221;{}&#8221; sticky_enabled=&#8221;0&#8243;]<\/p>\n<div><b>ClikApp<\/b> \u00e8 una societ\u00e0 che opera a fianco delle societ\u00e0 di Welfare, digitalizzando il mercato del benessere aziendale e fornendo servizi innovativi, smart e green per la distribuzione e la spesa di qualsiasi benefit aziendale<br aria-hidden=\"true\" \/><b>ClikApp<\/b> ha realizzato il proprio Sistema di Gestione conforme agli standard internazionali <b>ISO 9001, ISO 14001 e ISO 45001<\/b> che permetta di garantire efficienza interna e una migliore predisposizione a soddisfare le esigenze dei Clienti, il rispetto dell\u2019ambiente, garantire un livello di sicurezza adeguata e la piena soddisfazione interna dei lavoratori.<br aria-hidden=\"true\" \/>Con l\u2019obiettivo di garantire la protezione dei dati personali e delle infrastrutture condivise ha sviluppato un efficace e sicuro Sistema di Gestione della Sicurezza delle Informazioni in conformit\u00e0 alle <b>ISO\/IEC 27001<\/b> ed esteso la sicurezza delle informazioni gestita in ambienti cloud, in conformit\u00e0 agli standard <b>ISO\/IEC 27017 e ISO\/IEC 27018<\/b>.<br aria-hidden=\"true\" \/><b>ClikApp<\/b> ha deliberato di adottare una politica integrata, in modo tale da indirizzare in maniera univoca la scelta delle strategie e delle attivit\u00e0 conseguenti.<br aria-hidden=\"true\" \/>Al fine di mettere in atto e migliorare il sistema di gestione integrato, <b>ClikApp<\/b> ha analizzato e considerato le variabili del proprio contesto, classificato le parti interessate e le loro esigenze ed ha individuato i rischi strategici e le opportunit\u00e0 di sistema.<br aria-hidden=\"true\" \/><b><\/b><\/div>\n<div><\/div>\n<div><b>LA NOSTRA POLITICA PER LA QUALITA\u2019, L\u2019AMBIENTE E LA SICUREZZA DEI LAVORATORI<\/b><br aria-hidden=\"true\" \/>La Direzione, ha identificato i seguenti obiettivi:<\/div>\n<ol data-list-tree=\"true\" data-indent=\"0\" data-border=\"0\">\n<li><b>Garantire la remunerativit\u00e0 del capitale investito;<\/b><\/li>\n<li><b>Prevenire e ridurre gli impatti ambientali della propria attivit\u00e0:<\/b>\n<ol data-list-tree=\"true\" data-indent=\"0\" data-border=\"0\">\n<li>attivare un attento controllo dei consumi energetici al fine di cogliere tutte le opportunit\u00e0 per la loro riduzione;<\/li>\n<\/ol>\n<\/li>\n<li><b>Soddisfazione del cliente:<\/b>\n<ol data-list-tree=\"true\" data-indent=\"0\" data-border=\"0\">\n<li>essere a conoscenza delle esigenze dei propri clienti;<\/li>\n<li>sviluppare, nell\u2019erogazione dei servizi, competenza ed efficienza;<\/li>\n<li>garantire la rispondenza alla normativa cogente;<\/li>\n<\/ol>\n<\/li>\n<li><b>Garantire il coinvolgimento di tutte funzioni aziendali quali parte integrante del Sistema:<\/b>\n<ol data-list-tree=\"true\" data-indent=\"0\" data-border=\"0\">\n<li>Divulgare, tramite riunioni informative, i risultati ottenuti ed i punti critici da migliorare, cos\u00ec da aumentare la collaborazione del personale per migliorare costantemente la qualit\u00e0 aziendale e gli aspetti ambientali e di sicurezza;<\/li>\n<li>Condividere con i propri dipendenti le fasi e la struttura della gestione integrata, per rendere partecipi e informati sulle procedure e benefici portati dall\u2019attuazione di questo sistema.<\/li>\n<\/ol>\n<\/li>\n<li><b>Perseguire il continuo miglioramento<\/b> dei propri processi mediante attivit\u00e0 basate sull\u2019individuazione e sulla misurazione degli stessi.<\/li>\n<li><b>Analizzare i rischi e le opportunit\u00e0<\/b> cui l\u2019azienda \u00e8 sottoposta, oltre al mercato in cui opera ed i competitor, in modo tale da gestire al meglio le possibili interferenze e problematiche, prima che le stesse si presentino.<\/li>\n<li><b>Selezionare i propri fornitori<\/b> affinch\u00e9 siano in grado di garantire prodotti di qualit\u00e0 elevata, nonch\u00e9 la conformit\u00e0 alle normative cogenti.<\/li>\n<li><b>Quantificare impegni ed obiettivi da rivedere ogni anno<\/b> per verificarne il raggiungimento o per valutare le deviazioni e discutere le ragioni per cui si sono realizzate, per attuare le opportune azioni correttive o piani di miglioramento.<\/li>\n<li><b>Garantire il rispetto agli obblighi di conformit\u00e0<\/b> ed alle norme internazionali, europee, nazionali e locali, in riferimento alla qualit\u00e0 del servizio erogato, alla tutela dell\u2019ambiente, a quelle relative all\u2019igiene e alla sicurezza dei lavoratori.<\/li>\n<\/ol>\n<div>La Direzione <b>ClikApp<\/b> si impegna a perseguire gli obiettivi enunciati adottando gli strumenti previsti dal Sistema di Gestione Integrato e nello specifico:<\/div>\n<ul data-list-tree=\"true\" data-indent=\"0\" data-border=\"0\">\n<li><b>Garantire che la Politica Integrata sia diffusa<\/b>, compresa ed attuata a tutti i livelli aziendali, a tutti coloro che operano per conto di essa e resa disponibile a tutte le parti interessate.<\/li>\n<li><b>Utilizzare, tecnologie volte al miglioramento continuo della qualit\u00e0 del prodotto\/servizio<\/b>, della tutela ambientale e della sicurezza;<\/li>\n<li><b>Comunicare la politica e gli obiettivi del sistema di gestione integrato agli stakeholder<\/b>;<\/li>\n<li><b>Formare e sensibilizzare tutto il personale<\/b> e in particolare i responsabili aziendali nell\u2019attuazione del Sistema di Gestione Integrato, in modo che le linee direttrici di questa politica e gli obiettivi concreti in materia di qualit\u00e0, ambiente, sicurezza e responsabilit\u00e0 sociale siano compresi e recepiti da tutto il personale ai vari livelli<\/li>\n<li><b>Valutare periodicamente, per mezzo di audit interni, la conformit\u00e0 del Sistema di Gestione Integrato<\/b> alle norme di riferimento, alla propria politica e a quanto pianificato e programmato; in particolare andando a verificare il raggiungimento degli obiettivi prefissati attraverso i riesami periodici della direzione;<\/li>\n<li><b>Promuovere il coinvolgimento dei fornitori<\/b> e attuare sistemi di sensibilizzazione\/monitoraggio al fine di verificare il rispetto dei requisiti di sicurezza e salute dei lavoratori, ambiente e qualit\u00e0 .<\/li>\n<li><b>Limitare il proprio impatto sul cambiamento climatico<\/b> e svolgere le attivit\u00e0 in modo sostenibile, riducendo al minimo l\u2019impatto di CO2 attraverso la ricerca di fornitori che prediligano l\u2019utilizzo di fonti rinnovabili e che attuino loro stessi politiche sul Climate Change.<\/li>\n<\/ul>\n<div>Riteniamo che il settore dell\u2019informatica abbia un ruolo importante nella ricerca di soluzioni sostenibili per le attuali sfide climatiche.<br aria-hidden=\"true\" \/>Ci impegneremo insieme agli stakeholder nella lotta al cambiamento climatico attraverso azioni di sensibilizzazione sul tema.<br aria-hidden=\"true\" \/><b><\/b><\/div>\n<div><\/div>\n<div><b>LA NOSTRA POLITICA IN MATERIA DI SICUREZZA DELLE INFORMAZIONI<\/b><br aria-hidden=\"true\" \/>Attribuiamo particolare importanza alla protezione delle informazioni, seguendo i principi di riservatezza, integrit\u00e0 e disponibilit\u00e0 dei dati (RID).<br aria-hidden=\"true\" \/><b>Principi chiave del Sistema di Gestione per la Sicurezza delle Informazioni<\/b>:<\/div>\n<ul data-list-tree=\"true\" data-indent=\"0\" data-border=\"0\">\n<li><b>Riservatezza<\/b>: Le informazioni sono accessibili solo a individui autorizzati.<\/li>\n<li><b>Integrit\u00e0<\/b>: I dati sono protetti da modifiche non autorizzate.<\/li>\n<li><b>Disponibilit\u00e0<\/b>: Le informazioni sono accessibili e utilizzabili quando necessario, sempre in conformit\u00e0 con le politiche di riservatezza.<\/li>\n<li><b>Conformit\u00e0:<\/b> Rispetto dei requisiti normativi, cogenti e contrattuali.<\/li>\n<li><b>Continuit\u00e0 operativa<\/b>: Redazione e aggiornamento continuo dei piani di continuit\u00e0 operativa.<\/li>\n<li><b>Formazione<\/b>: Adeguata formazione del personale sulla sicurezza delle informazioni.<\/li>\n<li><b>Gestione delle violazioni<\/b>: Corretta gestione delle violazioni e dei punti deboli, con rilevazioni, indagini e miglioramento continuo del sistema.<\/li>\n<\/ul>\n<div><b>Obiettivi della sicurezza delle informazioni<\/b><\/div>\n<ul data-list-tree=\"true\" data-indent=\"0\" data-border=\"0\">\n<li>Identificare il valore delle informazioni da proteggere, la loro vulnerabilit\u00e0 e le minacce potenziali.<\/li>\n<li>Definire quale livello di rischio \u00e8 tollerabile.<\/li>\n<li>Stabilire regole, strumenti e controlli per garantire il rispetto degli standard aziendali.<\/li>\n<li>Monitorare costantemente il sistema e attuare miglioramenti.<\/li>\n<li>Assicurare l\u2019adeguamento continuo ai requisiti cogenti e regolamentari.<\/li>\n<li>Verificare la conformit\u00e0 dei processi aziendali mediante audit interni.<\/li>\n<\/ul>\n<div><b>ClikApp<\/b> valuta il rischio della sicurezza delle informazioni in base al valore strategico del sistema di gestione ed alle aspettative degli stakeholder, prevenendo danni alla reputazione aziendale.<br aria-hidden=\"true\" \/><b>Conformit\u00e0 a ISO\/IEC 27017 e ISO\/IEC 27018<\/b><br aria-hidden=\"true\" \/><b>Sicurezza nei servizi cloud<\/b>: Implementiamo misure specifiche per garantire che i servizi cloud siano sicuri, in linea con ISO\/IEC 27017, proteggendo i dati da accessi non autorizzati.<br aria-hidden=\"true\" \/><b>Protezione dei dati personali<\/b>: Garantiamo la conformit\u00e0 alla ISO\/IEC 27018 per proteggere i dati personali nei servizi cloud, prevenendo violazioni della privacy.<br aria-hidden=\"true\" \/><b>Gestione del rischio<\/b>: Implementiamo un sistema di gestione del rischio per migliorare la fiducia di clienti e stakeholder nella sicurezza dei dati personali.<br aria-hidden=\"true\" \/>La Direzione Generale, sulla base dei dati forniti dal Responsabile Qualit\u00e0, annualmente riesamina e tiene aggiornati la propria politica, gli obiettivi ed indicatori correlati, per far s\u00ec che questi preservino la loro efficacia. Gli indici necessari al monitoraggio degli obiettivi stabiliti e per la misurazione dei processi aziendali sono definiti e gestiti tramite opportuni indicatori.<i><\/i><\/div>\n<div><\/div>\n<div><i>Direzione Generale<\/i>\u00a0 Gianluca Enrietti\u00a0\u00a0 <i>Data\u00a0 <\/i>30\/01\/2025\u00a0\u00a0 <i>Rev<\/i>. 2<\/div>\n<div><\/div>\n<div><img decoding=\"async\" src=\"https:\/\/toduba.it\/wp-content\/uploads\/2026\/04\/iso-1-1024x724.png\" width=\"314\" height=\"222\" alt=\"\" class=\"wp-image-4384 alignnone size-large\" title=\"\"><\/div>\n<div><\/div>\n<div><\/div>\n<div>Per visualizzare i certificati fai click sui seguenti link:<\/div>\n<div><\/div>\n<div><\/div>\n<div><\/div>\n<div>Sistema di gestione integrato <a href=\"https:\/\/acrobat.adobe.com\/id\/urn:aaid:sc:EU:dd2b1dad-039e-430f-9069-1d6dd5db57bc\" target=\"_blank\" rel=\"noopener\"><b>ISO 9001, ISO 14001 e ISO 45001<\/b><\/a><\/div>\n<div>Sistema di gestione<a href=\"https:\/\/acrobat.adobe.com\/id\/urn:aaid:sc:eu:6049e105-1198-443b-9096-26afa550d84b\" target=\"_blank\" rel=\"noopener\"> <b>ISO\/IEC 27001<\/b><\/a><\/div>\n<div><\/div>\n<div><\/div>\n<p>[\/et_pb_text][\/et_pb_column][\/et_pb_row][\/et_pb_section]<\/p>","protected":false},"excerpt":{"rendered":"<p>ClikApp \u00e8 una societ\u00e0 che opera a fianco delle societ\u00e0 di Welfare, digitalizzando il mercato del benessere aziendale e fornendo servizi innovativi, smart e green per la distribuzione e la spesa di qualsiasi benefit aziendaleClikApp ha realizzato il proprio Sistema di Gestione conforme agli standard internazionali ISO 9001, ISO 14001 e ISO 45001 che permetta di garantire efficienza interna e una migliore predisposizione a soddisfare le esigenze dei Clienti, il rispetto dell\u2019ambiente, garantire un livello di sicurezza adeguata e la piena soddisfazione interna dei lavoratori.Con l\u2019obiettivo di garantire la protezione dei dati personali e delle infrastrutture condivise ha sviluppato un efficace e sicuro Sistema di Gestione della Sicurezza delle Informazioni in conformit\u00e0 alle ISO\/IEC 27001 ed esteso la sicurezza delle informazioni gestita in ambienti cloud, in conformit\u00e0 agli standard ISO\/IEC 27017 e ISO\/IEC 27018.ClikApp ha deliberato di adottare una politica integrata, in modo tale da indirizzare in maniera univoca la scelta delle strategie e delle attivit\u00e0 conseguenti.Al fine di mettere in atto e migliorare il sistema di gestione integrato, ClikApp ha analizzato e considerato le variabili del proprio contesto, classificato le parti interessate e le loro esigenze ed ha individuato i rischi strategici e le opportunit\u00e0 di sistema. LA NOSTRA [&hellip;]<\/p>","protected":false},"author":5,"featured_media":0,"parent":0,"menu_order":0,"comment_status":"closed","ping_status":"closed","template":"","meta":{"_et_pb_use_builder":"on","_et_pb_old_content":"","_et_gb_content_width":"","content-type":"","footnotes":""},"class_list":["post-1999","page","type-page","status-publish","hentry"],"_links":{"self":[{"href":"https:\/\/toduba.it\/en\/wp-json\/wp\/v2\/pages\/1999","targetHints":{"allow":["GET"]}}],"collection":[{"href":"https:\/\/toduba.it\/en\/wp-json\/wp\/v2\/pages"}],"about":[{"href":"https:\/\/toduba.it\/en\/wp-json\/wp\/v2\/types\/page"}],"author":[{"embeddable":true,"href":"https:\/\/toduba.it\/en\/wp-json\/wp\/v2\/users\/5"}],"replies":[{"embeddable":true,"href":"https:\/\/toduba.it\/en\/wp-json\/wp\/v2\/comments?post=1999"}],"version-history":[{"count":29,"href":"https:\/\/toduba.it\/en\/wp-json\/wp\/v2\/pages\/1999\/revisions"}],"predecessor-version":[{"id":4385,"href":"https:\/\/toduba.it\/en\/wp-json\/wp\/v2\/pages\/1999\/revisions\/4385"}],"wp:attachment":[{"href":"https:\/\/toduba.it\/en\/wp-json\/wp\/v2\/media?parent=1999"}],"curies":[{"name":"wp","href":"https:\/\/api.w.org\/{rel}","templated":true}]}}